{"id":3,"date":"2024-06-14T09:32:31","date_gmt":"2024-06-14T09:32:31","guid":{"rendered":"https:\/\/villa-cybele.com\/?page_id=3"},"modified":"2024-06-24T19:10:50","modified_gmt":"2024-06-24T19:10:50","slug":"privacy-policy","status":"publish","type":"page","link":"https:\/\/villa-cybele.com\/fr\/privacy-policy\/","title":{"rendered":"Politique De Confidentialit\u00e9"},"content":{"rendered":"<div class=\"slider-wrapper relative\" id=\"slider-2019518482\" >\n    <div class=\"slider slider-nav-circle slider-nav-large slider-nav-light slider-style-normal\"\n        data-flickity-options='{            \"cellAlign\": \"center\",            \"imagesLoaded\": true,            \"lazyLoad\": 1,            \"freeScroll\": false,            \"wrapAround\": true,            \"autoPlay\": 6000,            \"pauseAutoPlayOnHover\" : true,            \"prevNextButtons\": true,            \"contain\" : true,            \"adaptiveHeight\" : true,            \"dragThreshold\" : 10,            \"percentPosition\": true,            \"pageDots\": true,            \"rightToLeft\": false,            \"draggable\": true,            \"selectedAttraction\": 0.1,            \"parallax\" : 0,            \"friction\": 0.6        }'\n        >\n        \n\n\n  <div class=\"banner has-hover\" id=\"banner-468616992\">\n          <div class=\"banner-inner fill\">\n        <div class=\"banner-bg fill\" >\n            <div class=\"bg fill bg-fill\"><\/div>\n                                    \n                    <\/div>\n\t\t\n        <div class=\"banner-layers container\">\n            <div class=\"fill banner-link\"><\/div>            \n\n   <div id=\"text-box-614898144\" class=\"text-box banner-layer x50 md-x50 lg-x50 y75 md-y75 lg-y75 res-text\">\n                                <div class=\"text-box-content text dark\">\n              \n              <div class=\"text-inner text-center\">\n                  \n\n<a href=\"#privacy\" target=\"_self\" class=\"button primary\"  >\n    <span>Politique De Confidentialit\u00e9<\/span>\n  <\/a>\n\n\n\n              <\/div>\n           <\/div>\n                            \n<style>\n#text-box-614898144 {\n  width: 60%;\n}\n#text-box-614898144 .text-box-content {\n  font-size: 100%;\n}\n<\/style>\n    <\/div>\n \n\n        <\/div>\n      <\/div>\n\n            \n<style>\n#banner-468616992 {\n  padding-top: 50%;\n}\n#banner-468616992 .bg.bg-loaded {\n  background-image: url(https:\/\/villa-cybele.com\/wp-content\/uploads\/2024\/06\/WhatsApp-Image-2024-06-07-at-20.09.26_d32138ef-768x1024.jpg);\n}\n#banner-468616992 .bg {\n  background-position: 41% 59%;\n}\n<\/style>\n  <\/div>\n\n\n\n     <\/div>\n\n     <div class=\"loading-spin dark large centered\"><\/div>\n\n\t<\/div>\n\n\n\t<div id=\"gap-1473407817\" class=\"gap-element clearfix\" style=\"display:block; height:auto;\">\n\t\t\n<style>\n#gap-1473407817 {\n  padding-top: 100px;\n}\n<\/style>\n\t<\/div>\n\t\n\n<span class=\"scroll-to\" data-label=\"Scroll to: #privacy\" data-bullet=\"true\" data-link=\"#privacy\" data-title=\"#privacy\" data-offset-type=\"custom\" data-offset=\"732\" ><a name=\"privacy\"><\/a><\/span>\n\n<div class=\"row align-middle align-center\"  id=\"row-696891188\">\n\n\n\t<div id=\"col-1346716773\" class=\"col small-12 large-12\"  >\n\t\t\t\t<div class=\"col-inner\"  >\n\t\t\t\n\t\t\t\n\n<p><\/p>\n<p>L'adresse de notre site Internet est : https:\/\/villa-cybele.com.<\/p>\n<p> <\/p>\n<h2 class=\"wp-block-heading\">Commentaires<\/h2>\n<p> <\/p>\n<p>Lorsque les visiteurs de laisser des commentaires sur le site nous recueillons les donn\u00e9es indiqu\u00e9es dans le formulaire de commentaires, et aussi l&#039;adresse IP du visiteur et le navigateur cha\u00eene de l&#039;agent utilisateur pour aider \u00e0 la d\u00e9tection des spams.<\/p>\n<p> <\/p>\n<p>An anonymized string created from your email address (also called a hash) may be provided to the Gravatar service to see if you are using it. The Gravatar service privacy policy is available here: https:\/\/automattic.com\/privacy\/. After approval of your comment, your profile picture is visible to the public in the context of your comment.<\/p>\n<p> <\/p>\n<h2 class=\"wp-block-heading\">Les m\u00e9dias<\/h2>\n<p> <\/p>\n<p>Si vous t\u00e9l\u00e9chargez des images sur le site, vous devriez \u00e9viter de t\u00e9l\u00e9charger des images incorpor\u00e9es des donn\u00e9es de localisation (EXIF GPS) inclus. Les visiteurs du site peuvent t\u00e9l\u00e9charger et d&#039;extraire des donn\u00e9es de localisation \u00e0 partir d&#039;images sur le site.<\/p>\n<p> <\/p>\n<h2 class=\"wp-block-heading\">Les Cookies<\/h2>\n<p> <\/p>\n<p>Si vous laissez un commentaire sur notre site, vous pouvez choisir d&#039;enregistrer votre nom, adresse email, adresse et site web dans les cookies. Ce sont pour la commodit\u00e9 de sorte que vous n&#039;avez pas \u00e0 remplir vos coordonn\u00e9es \u00e0 nouveau lorsque vous laisser un autre commentaire. Ces cookies ont une dur\u00e9e d&#039;une ann\u00e9e.<\/p>\n<p> <\/p>\n<p>Si vous visitez notre page de connexion, nous allons d\u00e9finir un cookie temporaire afin de d\u00e9terminer si votre navigateur accepte les cookies. Ce cookie ne contient pas de donn\u00e9es \u00e0 caract\u00e8re personnel et sont supprim\u00e9s lorsque vous fermez votre navigateur.<\/p>\n<p> <\/p>\n<p>Lorsque vous vous connectez, nous allons \u00e9galement mettre en place plusieurs &#034;cookies&#034; pour enregistrer vos informations de connexion et votre \u00e9cran de choix d&#039;affichage. Les cookies de connexion d&#039;une dur\u00e9e de deux jours, et les options de l&#039;\u00e9cran des cookies pour une ann\u00e9e. Si vous s\u00e9lectionnez l&#039;option \u201cse Souvenir de Moi\u201d, votre connexion va persister pendant deux semaines. Si vous vous d\u00e9connectez de votre compte, l&#039;ouverture de session les cookies seront supprim\u00e9s.<\/p>\n<p> <\/p>\n<p>Si vous modifier ou de publier un article, un nouveau cookie sera enregistr\u00e9 dans votre navigateur. Ce cookie ne comprend pas de donn\u00e9es \u00e0 caract\u00e8re personnel et indique simplement l&#039;ID de la poste de l&#039;article que vous venez de modifier. Il expire apr\u00e8s 1 jour.<\/p>\n<p> <\/p>\n<h2 class=\"wp-block-heading\">Incorpor\u00e9 contenu provenant d&#039;autres sites<\/h2>\n<p> <\/p>\n<p>Les Articles sur ce site peut comporter des contenus (vid\u00e9os, images, articles, etc.). Int\u00e9gr\u00e9 du contenu provenant d&#039;autres sites web se comporte exactement de la m\u00eame mani\u00e8re que si le visiteur a visit\u00e9 le site.<\/p>\n<p> <\/p>\n<p>Ces sites peuvent collecter des donn\u00e9es vous concernant, \u00e0 l&#039;utilisation des cookies, incorporer tiers suppl\u00e9mentaire de suivi et de surveiller votre interaction avec le contenu int\u00e9gr\u00e9, y compris le suivi de votre interaction avec le contenu incorpor\u00e9 si vous avez un compte et que vous \u00eates connect\u00e9 \u00e0 ce site web.<\/p>\n<p> <\/p>\n<h2 class=\"wp-block-heading\">Qui nous permet de partager vos donn\u00e9es avec Si vous demander une r\u00e9initialisation du mot de passe, votre adresse IP sera inclus dans l&#039;e-mail de r\u00e9initialisation.<\/h2>\n<p> <\/p>\n<h2 class=\"wp-block-heading\">Combien de temps nous conservons vos donn\u00e9es<\/h2>\n<p> <\/p>\n<p>Si vous laissez un commentaire, le commentaire et de ses m\u00e9tadonn\u00e9es sont conserv\u00e9es ind\u00e9finiment. Il en est ainsi, nous pouvons reconna\u00eetre et approuver tout suivi automatiquement les commentaires au lieu de les tenir dans une file d&#039;attente de mod\u00e9ration.<\/p>\n<p> <\/p>\n<p>Pour les utilisateurs \u00e0 s&#039;inscrire sur notre site web (le cas \u00e9ch\u00e9ant), nous stockons les informations personnelles qu&#039;ils fournissent dans leur profil utilisateur. Tous les utilisateurs peuvent voir, modifier ou supprimer leurs donn\u00e9es personnelles \u00e0 tout moment (sauf qu&#039;ils ne peuvent pas changer leur nom d&#039;utilisateur). Les administrateurs de site web peut \u00e9galement voir des informations et les modifier.<\/p>\n<p> <\/p>\n<h2 class=\"wp-block-heading\">Quels sont les droits que vous avez sur vos donn\u00e9es<\/h2>\n<p> <\/p>\n<p>Si vous avez un compte sur ce site, ou ont laiss\u00e9 des commentaires, vous pouvez demander \u00e0 recevoir un fichier export\u00e9 les donn\u00e9es personnelles que nous d\u00e9tenons \u00e0 votre sujet, y compris toutes les donn\u00e9es que vous nous avez fournies. Vous pouvez \u00e9galement nous demander d&#039;effacer toutes les donn\u00e9es personnelles que nous d\u00e9tenons sur vous. Ce n&#039;inclut pas les donn\u00e9es nous sont tenus de conserver \u00e0 des fins administratives, juridiques, ou \u00e0 des fins de s\u00e9curit\u00e9.<\/p>\n<p> <\/p>\n<h2 class=\"wp-block-heading\">O\u00f9 vos donn\u00e9es sont envoy\u00e9es<\/h2>\n<p> <\/p>\n<p>Les commentaires des visiteurs peut \u00eatre contr\u00f4l\u00e9 par un syst\u00e8me automatis\u00e9 de d\u00e9tection de spam service.<\/p>\n<p><\/p>\n\n\t\t<\/div>\n\t\t\t\t\t<\/div>\n\n\t\n\n<\/div>","protected":false},"excerpt":{"rendered":"","protected":false},"author":1,"featured_media":0,"parent":0,"menu_order":0,"comment_status":"closed","ping_status":"open","template":"page-blank.php","meta":{"footnotes":""},"class_list":["post-3","page","type-page","status-publish","hentry"],"_links":{"self":[{"href":"https:\/\/villa-cybele.com\/fr\/wp-json\/wp\/v2\/pages\/3","targetHints":{"allow":["GET"]}}],"collection":[{"href":"https:\/\/villa-cybele.com\/fr\/wp-json\/wp\/v2\/pages"}],"about":[{"href":"https:\/\/villa-cybele.com\/fr\/wp-json\/wp\/v2\/types\/page"}],"author":[{"embeddable":true,"href":"https:\/\/villa-cybele.com\/fr\/wp-json\/wp\/v2\/users\/1"}],"replies":[{"embeddable":true,"href":"https:\/\/villa-cybele.com\/fr\/wp-json\/wp\/v2\/comments?post=3"}],"version-history":[{"count":0,"href":"https:\/\/villa-cybele.com\/fr\/wp-json\/wp\/v2\/pages\/3\/revisions"}],"wp:attachment":[{"href":"https:\/\/villa-cybele.com\/fr\/wp-json\/wp\/v2\/media?parent=3"}],"curies":[{"name":"wp","href":"https:\/\/api.w.org\/{rel}","templated":true}]}}