{"id":17,"date":"2024-06-15T07:23:35","date_gmt":"2024-06-15T07:23:35","guid":{"rendered":"https:\/\/villa-cybele.com\/?page_id=17"},"modified":"2024-09-24T18:15:12","modified_gmt":"2024-09-24T15:15:12","slug":"home","status":"publish","type":"page","link":"https:\/\/villa-cybele.com\/fr\/","title":{"rendered":"La maison"},"content":{"rendered":"<div class=\"slider-wrapper relative\" id=\"slider-1085102147\" >\n    <div class=\"slider slider-type-fade slider-nav-dots-simple slider-nav-circle slider-nav-large slider-nav-light slider-style-normal slider-show-nav\"\n        data-flickity-options='{            \"cellAlign\": \"center\",            \"imagesLoaded\": true,            \"lazyLoad\": 1,            \"freeScroll\": true,            \"wrapAround\": true,            \"autoPlay\": 9000,            \"pauseAutoPlayOnHover\" : true,            \"prevNextButtons\": true,            \"contain\" : true,            \"adaptiveHeight\" : true,            \"dragThreshold\" : 10,            \"percentPosition\": true,            \"pageDots\": true,            \"rightToLeft\": false,            \"draggable\": true,            \"selectedAttraction\": 0.1,            \"parallax\" : 0,            \"friction\": 0.6        }'\n        >\n        \n\n\n  <div class=\"banner has-hover bg-zoom is-full-height\" id=\"banner-1526321147\">\n          <div class=\"banner-inner fill\">\n        <div class=\"banner-bg fill\" >\n            <div class=\"bg fill bg-fill\"><\/div>\n                                    \n                    <\/div>\n\t\t\n        <div class=\"banner-layers container\">\n            <div class=\"fill banner-link\"><\/div>            \n\n   <div id=\"text-box-9141762\" class=\"text-box banner-layer x50 md-x90 lg-x90 y25 md-y30 lg-y30 res-text\">\n                     <div data-animate=\"fadeInDown\">           <div class=\"text-box-content text dark\">\n              \n\t<div class=\"is-border\"\n\t\tstyle=\"border-color:rgb(254, 253, 250);border-width:5px 5px 5px 5px;\">\n\t<\/div>\n              <div class=\"text-inner text-left\">\n                  \n\n<h2 class=\"uppercase\" style=\"text-align: center;\"><span style=\"font-size: 100%; color: #e69ce6;\"><strong>votre CHOIX loin de la maison<\/strong><\/span><\/h2>\n<p style=\"text-align: center;\">votre s\u00e9jour \u00e0 Thymari, en Attique, Gr\u00e8ce.<\/p>\n\n              <\/div>\n           <\/div>\n       <\/div>                     \n<style>\n#text-box-9141762 {\n  margin: 5px 5px 5px 5px;\n  width: 78%;\n}\n#text-box-9141762 .text-box-content {\n  background-color: rgba(25, 20, 3, 0.57);\n  font-size: 125%;\n}\n#text-box-9141762 .text-inner {\n  padding: 5px 5px 5px 5px;\n}\n@media (min-width:550px) {\n  #text-box-9141762 {\n    width: 37%;\n  }\n  #text-box-9141762 .text-box-content {\n    font-size: 100%;\n  }\n}\n<\/style>\n    <\/div>\n \n   <div id=\"text-box-338717866\" class=\"text-box banner-layer x50 md-x50 lg-x50 y75 md-y80 lg-y80 res-text\">\n                     <div data-animate=\"fadeInLeft\">           <div class=\"text-box-content text dark\">\n              \n              <div class=\"text-inner text-center\">\n                  \n\n<a href=\"https:\/\/villa-cybele.com\/fr\/liberta-apartment\/\" target=\"_self\" class=\"button white is-shade\"  style=\"border-radius:10px;\">\n    <span>Appartment Libert\u00e0<\/span>\n  <\/a>\n\n\n\n              <\/div>\n           <\/div>\n       <\/div>                     \n<style>\n#text-box-338717866 {\n  width: 63%;\n}\n#text-box-338717866 .text-box-content {\n  font-size: 100%;\n}\n@media (min-width:550px) {\n  #text-box-338717866 {\n    width: 27%;\n  }\n}\n<\/style>\n    <\/div>\n \n   <div id=\"text-box-2005109121\" class=\"text-box banner-layer x50 md-x100 lg-x100 y85 md-y80 lg-y80 res-text\">\n                     <div data-animate=\"fadeInRight\">           <div class=\"text-box-content text dark\">\n              \n              <div class=\"text-inner text-center\">\n                  \n\n<a href=\"https:\/\/villa-cybele.com\/fr\/ariella-apartment\/\" target=\"_self\" class=\"button secondary is-shade\"  style=\"border-radius:10px;\">\n    <span>Appartement Ariella<\/span>\n  <\/a>\n\n\n\n              <\/div>\n           <\/div>\n       <\/div>                     \n<style>\n#text-box-2005109121 {\n  width: 57%;\n}\n#text-box-2005109121 .text-box-content {\n  font-size: 100%;\n}\n@media (min-width:550px) {\n  #text-box-2005109121 {\n    width: 27%;\n  }\n}\n<\/style>\n    <\/div>\n \n\n        <\/div>\n      <\/div>\n\n            \n<style>\n#banner-1526321147 {\n  padding-top: 100%;\n}\n#banner-1526321147 .bg.bg-loaded {\n  background-image: url(https:\/\/villa-cybele.com\/wp-content\/uploads\/2024\/06\/WhatsApp-Image-2024-06-07-at-20.09.26_3073da32-768x1024.jpg);\n}\n#banner-1526321147 .bg {\n  background-position: 50% 49%;\n}\n<\/style>\n  <\/div>\n\n\n\n  <div class=\"banner has-hover bg-zoom is-full-height\" id=\"banner-722301165\">\n          <div class=\"banner-inner fill\">\n        <div class=\"banner-bg fill\" >\n            <div class=\"bg fill bg-fill\"><\/div>\n                        <div class=\"overlay\"><\/div>            \n                    <\/div>\n\t\t\n        <div class=\"banner-layers container\">\n            <div class=\"fill banner-link\"><\/div>            \n\n   <div id=\"text-box-1892957734\" class=\"text-box banner-layer x50 md-x90 lg-x90 y25 md-y30 lg-y30 res-text\">\n                     <div data-animate=\"fadeInDown\">           <div class=\"text-box-content text dark\">\n              \n\t<div class=\"is-border\"\n\t\tstyle=\"border-color:rgb(254, 253, 250);border-width:5px 5px 5px 5px;\">\n\t<\/div>\n              <div class=\"text-inner text-left\">\n                  \n\n<h2 class=\"uppercase\" style=\"text-align: center;\"><span style=\"font-size: 100%; color: #33cccc;\"><strong>Le meilleur de l&#039;hospitalit\u00e9<\/strong><\/span><\/h2>\n<p style=\"text-align: center;\">\u00a0L'hospitalit\u00e9 prend un nouveau sens<br \/>pour vous et vos proches.<\/p>\n\n              <\/div>\n           <\/div>\n       <\/div>                     \n<style>\n#text-box-1892957734 {\n  margin: 5px 5px 5px 5px;\n  width: 78%;\n}\n#text-box-1892957734 .text-box-content {\n  background-color: rgba(25, 20, 3, 0.57);\n  font-size: 125%;\n}\n#text-box-1892957734 .text-inner {\n  padding: 5px 5px 5px 5px;\n}\n@media (min-width:550px) {\n  #text-box-1892957734 {\n    width: 37%;\n  }\n  #text-box-1892957734 .text-box-content {\n    font-size: 100%;\n  }\n}\n<\/style>\n    <\/div>\n \n   <div id=\"text-box-559175871\" class=\"text-box banner-layer x50 md-x50 lg-x50 y75 md-y80 lg-y80 res-text\">\n                     <div data-animate=\"fadeInLeft\">           <div class=\"text-box-content text dark\">\n              \n              <div class=\"text-inner text-center\">\n                  \n\n<a href=\"https:\/\/villa-cybele.com\/fr\/liberta-apartment\/\" target=\"_self\" class=\"button white is-shade\"  style=\"border-radius:10px;\">\n    <span>Appartement Liberta<\/span>\n  <\/a>\n\n\n\n              <\/div>\n           <\/div>\n       <\/div>                     \n<style>\n#text-box-559175871 {\n  width: 63%;\n}\n#text-box-559175871 .text-box-content {\n  font-size: 100%;\n}\n@media (min-width:550px) {\n  #text-box-559175871 {\n    width: 27%;\n  }\n}\n<\/style>\n    <\/div>\n \n   <div id=\"text-box-716345427\" class=\"text-box banner-layer x50 md-x100 lg-x100 y85 md-y80 lg-y80 res-text\">\n                     <div data-animate=\"fadeInRight\">           <div class=\"text-box-content text dark\">\n              \n              <div class=\"text-inner text-center\">\n                  \n\n<a href=\"https:\/\/villa-cybele.com\/fr\/ariella-apartment\/\" target=\"_self\" class=\"button secondary is-shade\"  style=\"border-radius:10px;\">\n    <span>Appartement Ariella<\/span>\n  <\/a>\n\n\n\n              <\/div>\n           <\/div>\n       <\/div>                     \n<style>\n#text-box-716345427 {\n  width: 57%;\n}\n#text-box-716345427 .text-box-content {\n  font-size: 100%;\n}\n@media (min-width:550px) {\n  #text-box-716345427 {\n    width: 27%;\n  }\n}\n<\/style>\n    <\/div>\n \n\n        <\/div>\n      <\/div>\n\n            \n<style>\n#banner-722301165 {\n  padding-top: 100%;\n}\n#banner-722301165 .bg.bg-loaded {\n  background-image: url(https:\/\/villa-cybele.com\/wp-content\/uploads\/2024\/07\/PHOTO-2024-07-17-18-20-52-768x1024.jpg);\n}\n#banner-722301165 .overlay {\n  background-color: rgba(108, 162, 83, 0.302);\n}\n#banner-722301165 .bg {\n  background-position: 52% 42%;\n}\n<\/style>\n  <\/div>\n\n\n\n  <div class=\"banner has-hover bg-zoom is-full-height\" id=\"banner-1723627736\">\n          <div class=\"banner-inner fill\">\n        <div class=\"banner-bg fill\" >\n            <div class=\"bg fill bg-fill\"><\/div>\n                        <div class=\"overlay\"><\/div>            \n                    <\/div>\n\t\t\n        <div class=\"banner-layers container\">\n            <div class=\"fill banner-link\"><\/div>            \n\n   <div id=\"text-box-2058677184\" class=\"text-box banner-layer x50 md-x90 lg-x90 y25 md-y30 lg-y30 res-text\">\n                     <div data-animate=\"fadeInDown\">           <div class=\"text-box-content text dark\">\n              \n\t<div class=\"is-border\"\n\t\tstyle=\"border-color:rgb(254, 253, 250);border-width:5px 5px 5px 5px;\">\n\t<\/div>\n              <div class=\"text-inner text-left\">\n                  \n\n<h2 class=\"uppercase\" style=\"text-align: center;\"><span style=\"font-size: 100%; color: #33cccc;\"><strong>le meilleur choix pour vos...<\/strong><\/span><\/h2>\n<p style=\"text-align: center;\">vacances en famille ou travail \u00e0 distance.<br \/>Nomades et \u00e9crivains sont les bienvenus!<\/p>\n\n              <\/div>\n           <\/div>\n       <\/div>                     \n<style>\n#text-box-2058677184 {\n  margin: 5px 5px 5px 5px;\n  width: 78%;\n}\n#text-box-2058677184 .text-box-content {\n  background-color: rgba(25, 20, 3, 0.57);\n  font-size: 125%;\n}\n#text-box-2058677184 .text-inner {\n  padding: 5px 5px 5px 5px;\n}\n@media (min-width:550px) {\n  #text-box-2058677184 {\n    width: 37%;\n  }\n  #text-box-2058677184 .text-box-content {\n    font-size: 100%;\n  }\n}\n<\/style>\n    <\/div>\n \n   <div id=\"text-box-318282985\" class=\"text-box banner-layer x50 md-x50 lg-x50 y75 md-y80 lg-y80 res-text\">\n                     <div data-animate=\"fadeInLeft\">           <div class=\"text-box-content text dark\">\n              \n              <div class=\"text-inner text-center\">\n                  \n\n<a href=\"https:\/\/villa-cybele.com\/fr\/liberta-apartment\/\" target=\"_self\" class=\"button white is-shade\"  style=\"border-radius:10px;\">\n    <span>Appartement Liberta<\/span>\n  <\/a>\n\n\n\n              <\/div>\n           <\/div>\n       <\/div>                     \n<style>\n#text-box-318282985 {\n  width: 63%;\n}\n#text-box-318282985 .text-box-content {\n  font-size: 100%;\n}\n@media (min-width:550px) {\n  #text-box-318282985 {\n    width: 27%;\n  }\n}\n<\/style>\n    <\/div>\n \n   <div id=\"text-box-1583443848\" class=\"text-box banner-layer x50 md-x100 lg-x100 y85 md-y80 lg-y80 res-text\">\n                     <div data-animate=\"fadeInRight\">           <div class=\"text-box-content text dark\">\n              \n              <div class=\"text-inner text-center\">\n                  \n\n<a href=\"https:\/\/villa-cybele.com\/fr\/ariella-apartment\/\" target=\"_self\" class=\"button secondary is-shade\"  style=\"border-radius:10px;\">\n    <span>Appartement Ariella<\/span>\n  <\/a>\n\n\n\n              <\/div>\n           <\/div>\n       <\/div>                     \n<style>\n#text-box-1583443848 {\n  width: 57%;\n}\n#text-box-1583443848 .text-box-content {\n  font-size: 100%;\n}\n@media (min-width:550px) {\n  #text-box-1583443848 {\n    width: 27%;\n  }\n}\n<\/style>\n    <\/div>\n \n\n        <\/div>\n      <\/div>\n\n            \n<style>\n#banner-1723627736 {\n  padding-top: 100%;\n}\n#banner-1723627736 .bg.bg-loaded {\n  background-image: url(https:\/\/villa-cybele.com\/wp-content\/uploads\/2024\/06\/WhatsApp-Image-2024-06-07-at-20.09.25_bf3ce8ab-768x1024.jpg);\n}\n#banner-1723627736 .overlay {\n  background-color: rgba(108, 162, 83, 0.302);\n}\n#banner-1723627736 .bg {\n  background-position: 57% 58%;\n}\n<\/style>\n  <\/div>\n\n\n\n     <\/div>\n\n     <div class=\"loading-spin dark large centered\"><\/div>\n\n\t<\/div>","protected":false},"excerpt":{"rendered":"","protected":false},"author":2,"featured_media":128,"parent":0,"menu_order":0,"comment_status":"closed","ping_status":"closed","template":"page-transparent-header.php","meta":{"footnotes":""},"class_list":["post-17","page","type-page","status-publish","has-post-thumbnail","hentry"],"_links":{"self":[{"href":"https:\/\/villa-cybele.com\/fr\/wp-json\/wp\/v2\/pages\/17","targetHints":{"allow":["GET"]}}],"collection":[{"href":"https:\/\/villa-cybele.com\/fr\/wp-json\/wp\/v2\/pages"}],"about":[{"href":"https:\/\/villa-cybele.com\/fr\/wp-json\/wp\/v2\/types\/page"}],"author":[{"embeddable":true,"href":"https:\/\/villa-cybele.com\/fr\/wp-json\/wp\/v2\/users\/2"}],"replies":[{"embeddable":true,"href":"https:\/\/villa-cybele.com\/fr\/wp-json\/wp\/v2\/comments?post=17"}],"version-history":[{"count":0,"href":"https:\/\/villa-cybele.com\/fr\/wp-json\/wp\/v2\/pages\/17\/revisions"}],"wp:featuredmedia":[{"embeddable":true,"href":"https:\/\/villa-cybele.com\/fr\/wp-json\/wp\/v2\/media\/128"}],"wp:attachment":[{"href":"https:\/\/villa-cybele.com\/fr\/wp-json\/wp\/v2\/media?parent=17"}],"curies":[{"name":"wp","href":"https:\/\/api.w.org\/{rel}","templated":true}]}}